{"id":21,"date":"2008-04-22T11:24:16","date_gmt":"2008-04-22T09:24:16","guid":{"rendered":"http:\/\/ufcougp.cluster030.hosting.ovh.net\/?page_id=21"},"modified":"2026-02-11T09:41:44","modified_gmt":"2026-02-11T08:41:44","slug":"horaires","status":"publish","type":"page","link":"https:\/\/www.blondlet-electro.be\/?page_id=21","title":{"rendered":"Horaires"},"content":{"rendered":"\n<p class=\"has-medium-font-size\"><strong>Du mardi au vendredi inclus<\/strong><\/p>\n\n\n\n<p><\/p>\n\n\n\n<p class=\"has-medium-font-size\"><strong>de 9h \u00e0 12h30 et de 14h \u00e0 18h<\/strong><\/p>\n\n\n\n<p class=\"has-vivid-red-color has-text-color has-medium-font-size\"><strong>le SAMEDI UNIQUEMENT LE MATIN : de 9h \u00e0 12h30<\/strong><\/p>\n\n\n\n<p class=\"has-vivid-cyan-blue-color has-text-color has-medium-font-size\"><strong>Le magasin sera ferm\u00e9 du 16\/02 au 23\/02\/2026<\/strong><\/p>\n\n\n\n<p><\/p>\n\n\n\n<h3 class=\"has-text-align-left has-black-color has-text-color\">1965-2025<\/h3>\n\n\n\n<p class=\"has-black-color has-text-color\"><strong>60 ans \u00e0 votre service<\/strong><\/p>\n\n\n\n<p class=\"has-vivid-red-color has-text-color has-medium-font-size\"><\/p>\n\n\n\n<h2 class=\"has-vivid-cyan-blue-color has-text-color\">Contactez-nous :<\/h2>\n\n\n\n<p><\/p>\n\n\n\n<h2 class=\"has-vivid-red-color has-text-color\">&#8211; par t\u00e9l\u00e9phone : <\/h2>\n\n\n\n<h2 class=\"has-vivid-red-color has-text-color\">061\/27.74.22<\/h2>\n\n\n\n<h2 class=\"has-vivid-red-color has-text-color\">&#8211; par mail : blondlet.electro@gmail.com<\/h2>\n\n\n\n<p><\/p>\n\n\n\n<p class=\"has-vivid-red-color has-text-color\"><\/p>\n","protected":false},"excerpt":{"rendered":"<p>Du mardi au vendredi inclus de 9h \u00e0 12h30 et de 14h \u00e0 18h le SAMEDI UNIQUEMENT LE MATIN : de 9h \u00e0 12h30 Le magasin sera ferm\u00e9 du 16\/02 au 23\/02\/2026 1965-2025 60 ans \u00e0 votre service Contactez-nous : &#8211; par t\u00e9l\u00e9phone : 061\/27.74.22 &#8211; par mail : blondlet.electro@gmail.com<\/p>\n","protected":false},"author":2,"featured_media":0,"parent":0,"menu_order":5,"comment_status":"closed","ping_status":"closed","template":"","meta":[],"_links":{"self":[{"href":"https:\/\/www.blondlet-electro.be\/index.php?rest_route=\/wp\/v2\/pages\/21"}],"collection":[{"href":"https:\/\/www.blondlet-electro.be\/index.php?rest_route=\/wp\/v2\/pages"}],"about":[{"href":"https:\/\/www.blondlet-electro.be\/index.php?rest_route=\/wp\/v2\/types\/page"}],"author":[{"embeddable":true,"href":"https:\/\/www.blondlet-electro.be\/index.php?rest_route=\/wp\/v2\/users\/2"}],"replies":[{"embeddable":true,"href":"https:\/\/www.blondlet-electro.be\/index.php?rest_route=%2Fwp%2Fv2%2Fcomments&post=21"}],"version-history":[{"count":26,"href":"https:\/\/www.blondlet-electro.be\/index.php?rest_route=\/wp\/v2\/pages\/21\/revisions"}],"predecessor-version":[{"id":230,"href":"https:\/\/www.blondlet-electro.be\/index.php?rest_route=\/wp\/v2\/pages\/21\/revisions\/230"}],"wp:attachment":[{"href":"https:\/\/www.blondlet-electro.be\/index.php?rest_route=%2Fwp%2Fv2%2Fmedia&parent=21"}],"curies":[{"name":"wp","href":"https:\/\/api.w.org\/{rel}","templated":true}]}}